{"id":886,"date":"2025-04-14T02:46:27","date_gmt":"2025-04-14T02:46:27","guid":{"rendered":"https:\/\/cpmimagazin.com\/?page_id=886"},"modified":"2025-04-14T18:40:21","modified_gmt":"2025-04-14T18:40:21","slug":"hgw-el-mundo-verde-de-la-salud","status":"publish","type":"page","link":"https:\/\/cpmimagazin.com\/?page_id=886","title":{"rendered":"HGW El Mundo Verde de la Salud &#8211; WhatsApp : +57 3025098593"},"content":{"rendered":"\n<figure class=\"wp-block-video\"><video height=\"640\" style=\"aspect-ratio: 480 \/ 640;\" width=\"480\" controls src=\"https:\/\/cpmimagazin.com\/wp-content\/uploads\/2025\/04\/WhatsApp-Video-2025-04-11-at-7.35.52-PM.mp4\"><\/video><\/figure>\n\n\n\n<p>Un Mundo sin c\u00f3licos Menstr\u00faales<\/p>\n\n\n\n<figure class=\"wp-block-video\"><video height=\"1280\" style=\"aspect-ratio: 676 \/ 1280;\" width=\"676\" controls src=\"https:\/\/cpmimagazin.com\/wp-content\/uploads\/2025\/04\/WhatsApp-Video-2025-04-11-at-7.35.55-PM.mp4\"><\/video><\/figure>\n\n\n\n<p>Demostraci\u00f3n de lo que hacen estas toallas Higi\u00e9nicas<\/p>\n\n\n\n<figure class=\"wp-block-video\"><video height=\"850\" style=\"aspect-ratio: 478 \/ 850;\" width=\"478\" controls src=\"https:\/\/cpmimagazin.com\/wp-content\/uploads\/2025\/04\/WhatsApp-Video-2025-04-11-at-7.36.02-PM.mp4\"><\/video><\/figure>\n","protected":false},"excerpt":{"rendered":"<p>Un Mundo sin c\u00f3licos Menstr\u00faales Demostraci\u00f3n de lo que hacen estas toallas Higi\u00e9nicas<\/p>\n","protected":false},"author":1,"featured_media":0,"parent":0,"menu_order":0,"comment_status":"closed","ping_status":"closed","template":"","meta":{"footnotes":""},"class_list":["post-886","page","type-page","status-publish","hentry"],"yoast_head":"<!-- This site is optimized with the Yoast SEO plugin v24.8.1 - https:\/\/yoast.com\/wordpress\/plugins\/seo\/ -->\n<title>HGW El Mundo Verde de la Salud - WhatsApp : +57 3025098593 - Buenas noticias de Colombia<\/title>\n<meta name=\"robots\" content=\"index, follow, max-snippet:-1, max-image-preview:large, max-video-preview:-1\" \/>\n<link rel=\"canonical\" href=\"https:\/\/cpmimagazin.com\/?page_id=886\" \/>\n<meta property=\"og:locale\" content=\"es_ES\" \/>\n<meta property=\"og:type\" content=\"article\" \/>\n<meta property=\"og:title\" content=\"HGW El Mundo Verde de la Salud - WhatsApp : +57 3025098593 - Buenas noticias de Colombia\" \/>\n<meta property=\"og:description\" content=\"Un Mundo sin c\u00f3licos Menstr\u00faales Demostraci\u00f3n de lo que hacen estas toallas Higi\u00e9nicas\" \/>\n<meta property=\"og:url\" content=\"https:\/\/cpmimagazin.com\/?page_id=886\" \/>\n<meta property=\"og:site_name\" content=\"Buenas noticias de Colombia\" \/>\n<meta property=\"article:modified_time\" content=\"2025-04-14T18:40:21+00:00\" \/>\n<meta name=\"twitter:card\" content=\"summary_large_image\" \/>\n<meta name=\"twitter:label1\" content=\"Tiempo de lectura\" \/>\n\t<meta name=\"twitter:data1\" content=\"1 minuto\" \/>\n<script type=\"application\/ld+json\" class=\"yoast-schema-graph\">{\"@context\":\"https:\/\/schema.org\",\"@graph\":[{\"@type\":\"WebPage\",\"@id\":\"https:\/\/cpmimagazin.com\/?page_id=886\",\"url\":\"https:\/\/cpmimagazin.com\/?page_id=886\",\"name\":\"HGW El Mundo Verde de la Salud - WhatsApp : +57 3025098593 - Buenas noticias de Colombia\",\"isPartOf\":{\"@id\":\"https:\/\/cpmimagazin.com\/#website\"},\"datePublished\":\"2025-04-14T02:46:27+00:00\",\"dateModified\":\"2025-04-14T18:40:21+00:00\",\"breadcrumb\":{\"@id\":\"https:\/\/cpmimagazin.com\/?page_id=886#breadcrumb\"},\"inLanguage\":\"es-CO\",\"potentialAction\":[{\"@type\":\"ReadAction\",\"target\":[\"https:\/\/cpmimagazin.com\/?page_id=886\"]}]},{\"@type\":\"BreadcrumbList\",\"@id\":\"https:\/\/cpmimagazin.com\/?page_id=886#breadcrumb\",\"itemListElement\":[{\"@type\":\"ListItem\",\"position\":1,\"name\":\"Inicio\",\"item\":\"https:\/\/cpmimagazin.com\/\"},{\"@type\":\"ListItem\",\"position\":2,\"name\":\"HGW El Mundo Verde de la Salud &#8211; WhatsApp : +57 3025098593\"}]},{\"@type\":\"WebSite\",\"@id\":\"https:\/\/cpmimagazin.com\/#website\",\"url\":\"https:\/\/cpmimagazin.com\/\",\"name\":\"Buenas noticias de Colombia\",\"description\":\"Impulsamos historias que unen: juventud que inspira, adultos mayores que dejan huella. Descubre noticias, aprendizajes y el orgullo de nuestra gente, todo en \u201cMi Magazin\u201d. \u00a1S\u00e9 parte de una comunidad intergeneracional!\",\"potentialAction\":[{\"@type\":\"SearchAction\",\"target\":{\"@type\":\"EntryPoint\",\"urlTemplate\":\"https:\/\/cpmimagazin.com\/?s={search_term_string}\"},\"query-input\":{\"@type\":\"PropertyValueSpecification\",\"valueRequired\":true,\"valueName\":\"search_term_string\"}}],\"inLanguage\":\"es-CO\"}]}<\/script>\n<!-- \/ Yoast SEO plugin. -->","yoast_head_json":{"title":"HGW El Mundo Verde de la Salud - WhatsApp : +57 3025098593 - Buenas noticias de Colombia","robots":{"index":"index","follow":"follow","max-snippet":"max-snippet:-1","max-image-preview":"max-image-preview:large","max-video-preview":"max-video-preview:-1"},"canonical":"https:\/\/cpmimagazin.com\/?page_id=886","og_locale":"es_ES","og_type":"article","og_title":"HGW El Mundo Verde de la Salud - WhatsApp : +57 3025098593 - Buenas noticias de Colombia","og_description":"Un Mundo sin c\u00f3licos Menstr\u00faales Demostraci\u00f3n de lo que hacen estas toallas Higi\u00e9nicas","og_url":"https:\/\/cpmimagazin.com\/?page_id=886","og_site_name":"Buenas noticias de Colombia","article_modified_time":"2025-04-14T18:40:21+00:00","twitter_card":"summary_large_image","twitter_misc":{"Tiempo de lectura":"1 minuto"},"schema":{"@context":"https:\/\/schema.org","@graph":[{"@type":"WebPage","@id":"https:\/\/cpmimagazin.com\/?page_id=886","url":"https:\/\/cpmimagazin.com\/?page_id=886","name":"HGW El Mundo Verde de la Salud - WhatsApp : +57 3025098593 - Buenas noticias de Colombia","isPartOf":{"@id":"https:\/\/cpmimagazin.com\/#website"},"datePublished":"2025-04-14T02:46:27+00:00","dateModified":"2025-04-14T18:40:21+00:00","breadcrumb":{"@id":"https:\/\/cpmimagazin.com\/?page_id=886#breadcrumb"},"inLanguage":"es-CO","potentialAction":[{"@type":"ReadAction","target":["https:\/\/cpmimagazin.com\/?page_id=886"]}]},{"@type":"BreadcrumbList","@id":"https:\/\/cpmimagazin.com\/?page_id=886#breadcrumb","itemListElement":[{"@type":"ListItem","position":1,"name":"Inicio","item":"https:\/\/cpmimagazin.com\/"},{"@type":"ListItem","position":2,"name":"HGW El Mundo Verde de la Salud &#8211; WhatsApp : +57 3025098593"}]},{"@type":"WebSite","@id":"https:\/\/cpmimagazin.com\/#website","url":"https:\/\/cpmimagazin.com\/","name":"Buenas noticias de Colombia","description":"Impulsamos historias que unen: juventud que inspira, adultos mayores que dejan huella. Descubre noticias, aprendizajes y el orgullo de nuestra gente, todo en \u201cMi Magazin\u201d. \u00a1S\u00e9 parte de una comunidad intergeneracional!","potentialAction":[{"@type":"SearchAction","target":{"@type":"EntryPoint","urlTemplate":"https:\/\/cpmimagazin.com\/?s={search_term_string}"},"query-input":{"@type":"PropertyValueSpecification","valueRequired":true,"valueName":"search_term_string"}}],"inLanguage":"es-CO"}]}},"_links":{"self":[{"href":"https:\/\/cpmimagazin.com\/index.php?rest_route=\/wp\/v2\/pages\/886","targetHints":{"allow":["GET"]}}],"collection":[{"href":"https:\/\/cpmimagazin.com\/index.php?rest_route=\/wp\/v2\/pages"}],"about":[{"href":"https:\/\/cpmimagazin.com\/index.php?rest_route=\/wp\/v2\/types\/page"}],"author":[{"embeddable":true,"href":"https:\/\/cpmimagazin.com\/index.php?rest_route=\/wp\/v2\/users\/1"}],"replies":[{"embeddable":true,"href":"https:\/\/cpmimagazin.com\/index.php?rest_route=%2Fwp%2Fv2%2Fcomments&post=886"}],"version-history":[{"count":3,"href":"https:\/\/cpmimagazin.com\/index.php?rest_route=\/wp\/v2\/pages\/886\/revisions"}],"predecessor-version":[{"id":906,"href":"https:\/\/cpmimagazin.com\/index.php?rest_route=\/wp\/v2\/pages\/886\/revisions\/906"}],"wp:attachment":[{"href":"https:\/\/cpmimagazin.com\/index.php?rest_route=%2Fwp%2Fv2%2Fmedia&parent=886"}],"curies":[{"name":"wp","href":"https:\/\/api.w.org\/{rel}","templated":true}]}}